{"id":29942,"date":"2023-07-02T12:29:04","date_gmt":"2023-07-02T10:29:04","guid":{"rendered":"https:\/\/fairemaerkteschweiz.ch\/soutenir\/"},"modified":"2025-12-29T14:18:10","modified_gmt":"2025-12-29T13:18:10","slug":"soutenir","status":"publish","type":"page","link":"https:\/\/fairemaerkteschweiz.ch\/fr\/soutenir\/","title":{"rendered":"Soutenir"},"content":{"rendered":"\t\t<div data-elementor-type=\"wp-page\" data-elementor-id=\"29942\" class=\"elementor elementor-29942 elementor-29441\" data-elementor-post-type=\"page\">\n\t\t\t\t\t\t<header class=\"has_eae_slider elementor-section elementor-top-section elementor-element elementor-element-b822de1 elementor-section-height-min-height elementor-section-content-middle elementor-reverse-mobile elementor-section-items-stretch elementor-section-boxed elementor-section-height-default\" data-eae-slider=\"46539\" data-id=\"b822de1\" data-element_type=\"section\" data-settings=\"{&quot;background_background&quot;:&quot;classic&quot;}\">\n\t\t\t\t\t\t\t<div class=\"elementor-background-overlay\"><\/div>\n\t\t\t\t\t\t\t<div class=\"elementor-container elementor-column-gap-default\">\n\t\t\t\t\t<div class=\"has_eae_slider elementor-column elementor-col-100 elementor-top-column elementor-element elementor-element-091ea11\" data-eae-slider=\"28317\" data-id=\"091ea11\" data-element_type=\"column\">\n\t\t\t<div class=\"elementor-widget-wrap elementor-element-populated\">\n\t\t\t\t\t\t<div class=\"elementor-element elementor-element-57a3c1b elementor-widget elementor-widget-heading\" data-id=\"57a3c1b\" data-element_type=\"widget\" data-widget_type=\"heading.default\">\n\t\t\t\t<div class=\"elementor-widget-container\">\n\t\t\t\t\t<h1 class=\"elementor-heading-title elementor-size-default\">Devenir membre <br>et faire un don<\/h1>\t\t\t\t<\/div>\n\t\t\t\t<\/div>\n\t\t\t\t<div class=\"elementor-element elementor-element-03ee65b elementor-widget elementor-widget-text-editor\" data-id=\"03ee65b\" data-element_type=\"widget\" data-widget_type=\"text-editor.default\">\n\t\t\t\t<div class=\"elementor-widget-container\">\n\t\t\t\t\t\t\t\t\t<p>Tout le monde est concern\u00e9 par les abus de pouvoir du march\u00e9.<br>L&rsquo;union fait la force<\/p>\t\t\t\t\t\t\t\t<\/div>\n\t\t\t\t<\/div>\n\t\t\t\t<div class=\"elementor-element elementor-element-893c722 elementor-widget elementor-widget-button\" data-id=\"893c722\" data-element_type=\"widget\" data-widget_type=\"button.default\">\n\t\t\t\t<div class=\"elementor-widget-container\">\n\t\t\t\t\t\t\t\t\t<div class=\"elementor-button-wrapper\">\n\t\t\t\t\t<a class=\"elementor-button elementor-button-link elementor-size-sm\" href=\"#spenden\">\n\t\t\t\t\t\t<span class=\"elementor-button-content-wrapper\">\n\t\t\t\t\t\t\t\t\t<span class=\"elementor-button-text\">Faire un don<\/span>\n\t\t\t\t\t<\/span>\n\t\t\t\t\t<\/a>\n\t\t\t\t<\/div>\n\t\t\t\t\t\t\t\t<\/div>\n\t\t\t\t<\/div>\n\t\t\t\t\t<\/div>\n\t\t<\/div>\n\t\t\t\t<div class=\"has_eae_slider elementor-column elementor-col-100 elementor-top-column elementor-element elementor-element-208174f\" data-eae-slider=\"27998\" data-id=\"208174f\" data-element_type=\"column\">\n\t\t\t<div class=\"elementor-widget-wrap\">\n\t\t\t\t\t\t\t<\/div>\n\t\t<\/div>\n\t\t\t\t\t<\/div>\n\t\t<\/header>\n\t\t\t\t<section class=\"has_eae_slider elementor-section elementor-top-section elementor-element elementor-element-b190399 elementor-section-boxed elementor-section-height-default elementor-section-height-default\" data-eae-slider=\"68448\" data-id=\"b190399\" data-element_type=\"section\" data-settings=\"{&quot;background_background&quot;:&quot;classic&quot;}\">\n\t\t\t\t\t\t<div class=\"elementor-container elementor-column-gap-default\">\n\t\t\t\t\t<div class=\"has_eae_slider elementor-column elementor-col-50 elementor-top-column elementor-element elementor-element-b018b9d\" data-eae-slider=\"45862\" data-id=\"b018b9d\" data-element_type=\"column\">\n\t\t\t<div class=\"elementor-widget-wrap elementor-element-populated\">\n\t\t\t\t\t\t<div class=\"elementor-element elementor-element-3058321 elementor-widget elementor-widget-menu-anchor\" data-id=\"3058321\" data-element_type=\"widget\" data-widget_type=\"menu-anchor.default\">\n\t\t\t\t<div class=\"elementor-widget-container\">\n\t\t\t\t\t\t\t<div class=\"elementor-menu-anchor\" id=\"membre\"><\/div>\n\t\t\t\t\t\t<\/div>\n\t\t\t\t<\/div>\n\t\t\t\t<div class=\"elementor-element elementor-element-a6cf1d4 elementor-widget elementor-widget-heading\" data-id=\"a6cf1d4\" data-element_type=\"widget\" data-widget_type=\"heading.default\">\n\t\t\t\t<div class=\"elementor-widget-container\">\n\t\t\t\t\t<h2 class=\"elementor-heading-title elementor-size-default\">Soutenir le FMS<\/h2>\t\t\t\t<\/div>\n\t\t\t\t<\/div>\n\t\t\t\t<div class=\"elementor-element elementor-element-3091b68 elementor-widget elementor-widget-text-editor\" data-id=\"3091b68\" data-element_type=\"widget\" data-widget_type=\"text-editor.default\">\n\t\t\t\t<div class=\"elementor-widget-container\">\n\t\t\t\t\t\t\t\t\t<p>Les formes de soutien suivantes sont disponibles :<\/p>\t\t\t\t\t\t\t\t<\/div>\n\t\t\t\t<\/div>\n\t\t\t\t<div class=\"elementor-element elementor-element-3f13825 elementor-widget elementor-widget-text-editor\" data-id=\"3f13825\" data-element_type=\"widget\" data-widget_type=\"text-editor.default\">\n\t\t\t\t<div class=\"elementor-widget-container\">\n\t\t\t\t\t\t\t\t\t<p>Membre passif Particulier &#8211; CHF 50<\/p><p>Membre actif Particulier &#8211; CHF 100<\/p><p>Membre collectif (entreprise, association, CI) &#8211; \u00e0 partir de 200 CHF<\/p><p>Donateur:in &#8211; \u00e0 partir de 200 CHF<\/p>\t\t\t\t\t\t\t\t<\/div>\n\t\t\t\t<\/div>\n\t\t\t\t<div class=\"elementor-element elementor-element-4a5107b elementor-widget elementor-widget-text-editor\" data-id=\"4a5107b\" data-element_type=\"widget\" data-widget_type=\"text-editor.default\">\n\t\t\t\t<div class=\"elementor-widget-container\">\n\t\t\t\t\t\t\t\t\t<p>Nous recherchons le dialogue avec des fondations et d&rsquo;autres organismes responsables dans le domaine de l&rsquo;\u00e9conomie durable, de la protection des animaux et de l&rsquo;environnement ainsi que des pr\u00e9occupations des consommateurs.<\/p><p>Veuillez nous contacter \u00e0 l&rsquo;<span style=\"color: #009bd2;\"><a style=\"color: #009bd2;\" href=\"mailto:info@fairemaerkteschweiz.ch\">adresse info@fairemaerkteschweiz.ch.<\/a><\/span><\/p>\t\t\t\t\t\t\t\t<\/div>\n\t\t\t\t<\/div>\n\t\t\t\t\t<\/div>\n\t\t<\/div>\n\t\t\t\t<div class=\"has_eae_slider elementor-column elementor-col-50 elementor-top-column elementor-element elementor-element-9585630\" data-eae-slider=\"24057\" data-id=\"9585630\" data-element_type=\"column\" data-settings=\"{&quot;background_background&quot;:&quot;classic&quot;}\">\n\t\t\t<div class=\"elementor-widget-wrap elementor-element-populated\">\n\t\t\t\t\t\t<div class=\"elementor-element elementor-element-43f1787 elementor-widget elementor-widget-text-editor\" data-id=\"43f1787\" data-element_type=\"widget\" data-widget_type=\"text-editor.default\">\n\t\t\t\t<div class=\"elementor-widget-container\">\n\t\t\t\t\t\t\t\t\t<p>Je souhaite soutenir Faire March\u00e9s Suisse en tant que membre.<\/p>\t\t\t\t\t\t\t\t<\/div>\n\t\t\t\t<\/div>\n\t\t\t\t<div class=\"elementor-element elementor-element-a55f087 elementor-widget elementor-widget-shortcode\" data-id=\"a55f087\" data-element_type=\"widget\" data-widget_type=\"shortcode.default\">\n\t\t\t\t<div class=\"elementor-widget-container\">\n\t\t\t\t\t\t\t<div class=\"elementor-shortcode\"><div class=\"webling-form mitglied\"><form action=\"?\" method=\"post\" enctype=\"multipart\/form-data\" onsubmit=\"webling_disableSubmitButton()\"><input type=\"hidden\" name=\"webling-form-id\" value=\"1\"\/><input type=\"hidden\" name=\"webling-form-redirect\" value=\"https:\/\/fairemaerkteschweiz.ch\/fr\/soutenir\/\"\/><div class=\"webling-form__group webling-form__group--top  webling-form__group--field-Anrede\"><label for=\"webling-form-field-124\" class=\"webling-form__label\">Anrede<\/label><div class=\"webling-form__field\"><select name=\"webling-form-field[124]\" id=\"webling-form-field-124\" class=\"webling-form__select\" ><option value=\"\">Bitte Anrede ausw\u00e4hlen<\/option><option value=\"Frau\">Frau<\/option><option value=\"Herr\">Herr<\/option><option value=\"Firma\">Firma<\/option><\/select><\/div><\/div><div class=\"webling-form__group webling-form__group--top  webling-form__group--field-Vorname\"><label for=\"webling-form-field-125\" class=\"webling-form__label\">Vorname <span class=\"webling-form__required\">*<\/span><\/label><div class=\"webling-form__field\"><input type=\"text\" name=\"webling-form-field[125]\" id=\"webling-form-field-125\" placeholder=\"\" class=\"webling-form__input\" required><\/div><\/div><div class=\"webling-form__group webling-form__group--top  webling-form__group--field-Name\"><label for=\"webling-form-field-126\" class=\"webling-form__label\">Name <span class=\"webling-form__required\">*<\/span><\/label><div class=\"webling-form__field\"><input type=\"text\" name=\"webling-form-field[126]\" id=\"webling-form-field-126\" placeholder=\"\" class=\"webling-form__input\" required><\/div><\/div><div class=\"webling-form__group webling-form__group--top  webling-form__group--field-Strasse\"><label for=\"webling-form-field-127\" class=\"webling-form__label\">Strasse<\/label><div class=\"webling-form__field\"><input type=\"text\" name=\"webling-form-field[127]\" id=\"webling-form-field-127\" placeholder=\"\" class=\"webling-form__input\" ><\/div><\/div><div class=\"webling-form__group webling-form__group--top  webling-form__group--field-PLZ\"><label for=\"webling-form-field-128\" class=\"webling-form__label\">PLZ <span class=\"webling-form__required\">*<\/span><\/label><div class=\"webling-form__field\"><input type=\"text\" name=\"webling-form-field[128]\" id=\"webling-form-field-128\" placeholder=\"\" class=\"webling-form__input\" required><\/div><\/div><div class=\"webling-form__group webling-form__group--top  webling-form__group--field-Ort\"><label for=\"webling-form-field-129\" class=\"webling-form__label\">Ort <span class=\"webling-form__required\">*<\/span><\/label><div class=\"webling-form__field\"><input type=\"text\" name=\"webling-form-field[129]\" id=\"webling-form-field-129\" placeholder=\"\" class=\"webling-form__input\" required><\/div><\/div><div class=\"webling-form__group webling-form__group--top  webling-form__group--field-Betrieb\"><label for=\"webling-form-field-130\" class=\"webling-form__label\">Betrieb<\/label><div class=\"webling-form__field\"><input type=\"text\" name=\"webling-form-field[130]\" id=\"webling-form-field-130\" placeholder=\"\" class=\"webling-form__input\" ><\/div><\/div><div class=\"webling-form__group webling-form__group--top  webling-form__group--field-EMail\"><label for=\"webling-form-field-131\" class=\"webling-form__label\">E-Mail <span class=\"webling-form__required\">*<\/span><\/label><div class=\"webling-form__field\"><input type=\"email\" name=\"webling-form-field[131]\" id=\"webling-form-field-131\" placeholder=\"\" class=\"webling-form__input\" required><\/div><\/div><div class=\"webling-form__group webling-form__group--top  webling-form__group--field-KategorieMitglied\"><label for=\"webling-form-field-132\" class=\"webling-form__label\">Kategorie Mitglied <span class=\"webling-form__required\">*<\/span><\/label><div class=\"webling-form__field\"><select name=\"webling-form-field[132]\" id=\"webling-form-field-132\" class=\"webling-form__select\" required><option value=\"\">Bitte Auswahl treffen<\/option><option value=\"Aktivmitglied: CHF 100.-\">Aktivmitglied: CHF 100.-<\/option><option value=\"Mitgliedschaft: CHF 50.-\">Mitgliedschaft: CHF 50.-<\/option><option value=\"Aktiv Firma, Verein, IG: CHF 200.-\">Aktiv Firma, Verein, IG: CHF 200.-<\/option><option value=\"G\u00f6nner: ab CHF 500.-\">G\u00f6nner: ab CHF 500.-<\/option><\/select><\/div><\/div><div class=\"webling-form__group webling-form__group--top  webling-form__group--field-Bemerkungen\"><label for=\"webling-form-field-133\" class=\"webling-form__label\">Bemerkungen<\/label><div class=\"webling-form__field\"><textarea rows=\"6\" name=\"webling-form-field[133]\" id=\"webling-form-field-133\" placeholder=\"\" class=\"webling-form__input\" ><\/textarea><\/div><\/div><input type=\"text\" id=\"webling-form-field_0\" autocomplete=\"off\" name=\"webling-form-field[0]\" value=\"\"\/><p><input type=\"submit\" value=\"Absenden\" class=\"webling-form__submit\" id=\"webling-form__submit\"><\/p><\/form><script type=\"text\/javascript\">\n\/\/ disable submit button after form was submitted to prevent multiple entries\nfunction webling_disableSubmitButton() {\n    document.getElementById(\"webling-form__submit\").disabled = true;\n}\n<\/script><\/div><\/div>\n\t\t\t\t\t\t<\/div>\n\t\t\t\t<\/div>\n\t\t\t\t\t<\/div>\n\t\t<\/div>\n\t\t\t\t\t<\/div>\n\t\t<\/section>\n\t\t\t\t<section class=\"has_eae_slider elementor-section elementor-top-section elementor-element elementor-element-8b3a004 elementor-section-boxed elementor-section-height-default elementor-section-height-default\" data-eae-slider=\"5454\" data-id=\"8b3a004\" data-element_type=\"section\" data-settings=\"{&quot;background_background&quot;:&quot;classic&quot;}\">\n\t\t\t\t\t\t<div class=\"elementor-container elementor-column-gap-default\">\n\t\t\t\t\t<div class=\"has_eae_slider elementor-column elementor-col-100 elementor-top-column elementor-element elementor-element-a88ec8a\" data-eae-slider=\"28647\" data-id=\"a88ec8a\" data-element_type=\"column\" data-settings=\"{&quot;background_background&quot;:&quot;classic&quot;}\">\n\t\t\t<div class=\"elementor-widget-wrap elementor-element-populated\">\n\t\t\t\t\t\t<div class=\"elementor-element elementor-element-be88d66 elementor-widget elementor-widget-menu-anchor\" data-id=\"be88d66\" data-element_type=\"widget\" data-widget_type=\"menu-anchor.default\">\n\t\t\t\t<div class=\"elementor-widget-container\">\n\t\t\t\t\t\t\t<div class=\"elementor-menu-anchor\" id=\"spenden\"><\/div>\n\t\t\t\t\t\t<\/div>\n\t\t\t\t<\/div>\n\t\t\t\t<div class=\"elementor-element elementor-element-aaf7f26 elementor-widget elementor-widget-heading\" data-id=\"aaf7f26\" data-element_type=\"widget\" data-widget_type=\"heading.default\">\n\t\t\t\t<div class=\"elementor-widget-container\">\n\t\t\t\t\t<h2 class=\"elementor-heading-title elementor-size-default\">Faire un don<\/h2>\t\t\t\t<\/div>\n\t\t\t\t<\/div>\n\t\t\t\t<div class=\"elementor-element elementor-element-766690f elementor-widget elementor-widget-text-editor\" data-id=\"766690f\" data-element_type=\"widget\" data-widget_type=\"text-editor.default\">\n\t\t\t\t<div class=\"elementor-widget-container\">\n\t\t\t\t\t\t\t\t\t<p>En faisant un don, vous soutenez directement et efficacement le travail de Faire Maerkte Schweiz.<br>Vous nous permettez ainsi de d\u00e9velopper nos activit\u00e9s dans le domaine du conseil aux entreprises concern\u00e9es<br>, dans la recherche et dans le lobbying pour une l\u00e9gislation \u00e9quitable et efficace. Vous pouvez faire des dons par IBAN (CH87 0070 0114 8082 9030 6), par bulletin de versement<a href=\"https:\/\/fairemaerkteschweiz.ch\/wp-content\/uploads\/2025\/10\/QRCode-EZ-FMS.png\" target=\"_blank\" rel=\"noopener\">(PDF \u00e0 t\u00e9l\u00e9charger ici<\/a>) ou en ligne <a href=\"https:\/\/donate.raisenow.io\/xpsgn?analytics.channel=button\" target=\"_blank\" rel=\"noopener noreferrer nofollow\">ici<\/a>.<\/p>\t\t\t\t\t\t\t\t<\/div>\n\t\t\t\t<\/div>\n\t\t\t\t<div class=\"elementor-element elementor-element-ca60e29 elementor-widget elementor-widget-html\" data-id=\"ca60e29\" data-element_type=\"widget\" data-widget_type=\"html.default\">\n\t\t\t\t<div class=\"elementor-widget-container\">\n\t\t\t\t\t<div id=\"rnw-paylink-button-xpsgn\"><\/div>\n<script type=\"module\">\n  import {PaylinkButton} from \"https:\/\/unpkg.com\/@raisenow\/paylink-button@2\/dist\/PaylinkButton.js\"\n  PaylinkButton.render(\"#rnw-paylink-button-xpsgn\", {\n    \"solution-id\": \"xpsgn\",\n    \"size\": \"large\",\n    \"width\": \"fixed\",\n    \"icon\": \"heart\",\n    \"label\": \"Jetzt spenden\",\n    \"border-radius\": \"8px\",\n    \"background-color\": \"#2d8140\",\n  })\n<\/script>\t\t\t\t<\/div>\n\t\t\t\t<\/div>\n\t\t\t\t\t<\/div>\n\t\t<\/div>\n\t\t\t\t\t<\/div>\n\t\t<\/section>\n\t\t\t\t<section class=\"has_eae_slider elementor-section elementor-top-section elementor-element elementor-element-008fd60 elementor-section-boxed elementor-section-height-default elementor-section-height-default\" data-eae-slider=\"43964\" data-id=\"008fd60\" data-element_type=\"section\" data-settings=\"{&quot;background_background&quot;:&quot;classic&quot;}\">\n\t\t\t\t\t\t<div class=\"elementor-container elementor-column-gap-default\">\n\t\t\t\t\t<div class=\"has_eae_slider elementor-column elementor-col-100 elementor-top-column elementor-element elementor-element-b27e087\" data-eae-slider=\"2803\" data-id=\"b27e087\" data-element_type=\"column\" data-settings=\"{&quot;background_background&quot;:&quot;classic&quot;}\">\n\t\t\t<div class=\"elementor-widget-wrap elementor-element-populated\">\n\t\t\t\t\t\t<div class=\"elementor-element elementor-element-0019236 elementor-widget elementor-widget-menu-anchor\" data-id=\"0019236\" data-element_type=\"widget\" data-widget_type=\"menu-anchor.default\">\n\t\t\t\t<div class=\"elementor-widget-container\">\n\t\t\t\t\t\t\t<div class=\"elementor-menu-anchor\" id=\"newsletter\"><\/div>\n\t\t\t\t\t\t<\/div>\n\t\t\t\t<\/div>\n\t\t\t\t<div class=\"elementor-element elementor-element-21ee952 elementor-widget elementor-widget-heading\" data-id=\"21ee952\" data-element_type=\"widget\" data-widget_type=\"heading.default\">\n\t\t\t\t<div class=\"elementor-widget-container\">\n\t\t\t\t\t<h2 class=\"elementor-heading-title elementor-size-default\">S'abonner \u00e0 la newsletter<\/h2>\t\t\t\t<\/div>\n\t\t\t\t<\/div>\n\t\t\t\t<div class=\"elementor-element elementor-element-a5c79b0 elementor-widget elementor-widget-text-editor\" data-id=\"a5c79b0\" data-element_type=\"widget\" data-widget_type=\"text-editor.default\">\n\t\t\t\t<div class=\"elementor-widget-container\">\n\t\t\t\t\t\t\t\t\t<p>Inscrivez-vous sur notre liste d&rsquo;int\u00e9ress\u00e9s et recevez toutes les informations et actualit\u00e9s importantes directement dans votre bo\u00eete aux lettres \u00e9lectronique !<\/p>\t\t\t\t\t\t\t\t<\/div>\n\t\t\t\t<\/div>\n\t\t\t\t<div class=\"elementor-element elementor-element-04d6ec0 elementor-button-align-stretch elementor-widget elementor-widget-form\" data-id=\"04d6ec0\" data-element_type=\"widget\" data-settings=\"{&quot;step_next_label&quot;:&quot;Prochain&quot;,&quot;step_previous_label&quot;:&quot;Pr\\u00e9c\\u00e9dent&quot;,&quot;button_width&quot;:&quot;100&quot;,&quot;step_type&quot;:&quot;number_text&quot;,&quot;step_icon_shape&quot;:&quot;circle&quot;}\" data-widget_type=\"form.default\">\n\t\t\t\t<div class=\"elementor-widget-container\">\n\t\t\t\t\t\t\t<form class=\"elementor-form\" method=\"post\" name=\"Nouveau formulaire\" aria-label=\"Nouveau formulaire\">\n\t\t\t<input type=\"hidden\" name=\"post_id\" value=\"29942\"\/>\n\t\t\t<input type=\"hidden\" name=\"form_id\" value=\"04d6ec0\"\/>\n\t\t\t<input type=\"hidden\" name=\"referer_title\" value=\"Soutenir - Faire Maerkte Schweiz\" \/>\n\n\t\t\t\t\t\t\t<input type=\"hidden\" name=\"queried_id\" value=\"29942\"\/>\n\t\t\t\n\t\t\t<div class=\"elementor-form-fields-wrapper elementor-labels-above\">\n\t\t\t\t\t\t\t\t<div class=\"elementor-field-type-text elementor-field-group elementor-column elementor-field-group-field_708bc1c elementor-col-100\">\n\t\t\t\t\t\t\t\t\t\t\t\t<label for=\"form-field-field_708bc1c\" class=\"elementor-field-label\">\n\t\t\t\t\t\t\t\tPr\u00e9nom\t\t\t\t\t\t\t<\/label>\n\t\t\t\t\t\t\t\t\t\t\t\t\t\t<input size=\"1\" type=\"text\" name=\"form_fields[field_708bc1c]\" id=\"form-field-field_708bc1c\" class=\"elementor-field elementor-size-sm  elementor-field-textual\">\n\t\t\t\t\t\t\t\t\t\t\t<\/div>\n\t\t\t\t\t\t\t\t<div class=\"elementor-field-type-text elementor-field-group elementor-column elementor-field-group-name elementor-col-100\">\n\t\t\t\t\t\t\t\t\t\t\t\t<label for=\"form-field-name\" class=\"elementor-field-label\">\n\t\t\t\t\t\t\t\tNom\t\t\t\t\t\t\t<\/label>\n\t\t\t\t\t\t\t\t\t\t\t\t\t\t<input size=\"1\" type=\"text\" name=\"form_fields[name]\" id=\"form-field-name\" class=\"elementor-field elementor-size-sm  elementor-field-textual\">\n\t\t\t\t\t\t\t\t\t\t\t<\/div>\n\t\t\t\t\t\t\t\t<div class=\"elementor-field-type-email elementor-field-group elementor-column elementor-field-group-email elementor-col-100 elementor-field-required\">\n\t\t\t\t\t\t\t\t\t\t\t\t<label for=\"form-field-email\" class=\"elementor-field-label\">\n\t\t\t\t\t\t\t\tCourrier \u00e9lectronique\t\t\t\t\t\t\t<\/label>\n\t\t\t\t\t\t\t\t\t\t\t\t\t\t<input size=\"1\" type=\"email\" name=\"form_fields[email]\" id=\"form-field-email\" class=\"elementor-field elementor-size-sm  elementor-field-textual\" required=\"required\">\n\t\t\t\t\t\t\t\t\t\t\t<\/div>\n\t\t\t\t\t\t\t\t<div class=\"elementor-field-type-hidden elementor-field-group elementor-column elementor-field-group-field_acc0ef5 elementor-col-100\">\n\t\t\t\t\t\t\t\t\t\t\t\t\t<input size=\"1\" type=\"hidden\" name=\"form_fields[field_acc0ef5]\" id=\"form-field-field_acc0ef5\" class=\"elementor-field elementor-size-sm  elementor-field-textual\" value=\"German\">\n\t\t\t\t\t\t\t\t\t\t\t<\/div>\n\t\t\t\t\t\t\t\t<div class=\"elementor-field-group elementor-column elementor-field-type-submit elementor-col-100 e-form__buttons\">\n\t\t\t\t\t<button class=\"elementor-button elementor-size-sm\" type=\"submit\">\n\t\t\t\t\t\t<span class=\"elementor-button-content-wrapper\">\n\t\t\t\t\t\t\t\t\t\t\t\t\t\t\t\t\t\t\t\t\t\t<span class=\"elementor-button-text\">Envoyer<\/span>\n\t\t\t\t\t\t\t\t\t\t\t\t\t<\/span>\n\t\t\t\t\t<\/button>\n\t\t\t\t<\/div>\n\t\t\t<\/div>\n\t\t<\/form>\n\t\t\t\t\t\t<\/div>\n\t\t\t\t<\/div>\n\t\t\t\t\t<\/div>\n\t\t<\/div>\n\t\t\t\t\t<\/div>\n\t\t<\/section>\n\t\t\t\t<\/div>\n\t\t","protected":false},"excerpt":{"rendered":"<p>Devenir membre et faire un don Tout le monde est concern\u00e9 par les abus de pouvoir du march\u00e9.L&rsquo;union fait la force Faire un don Soutenir le FMS Les formes de soutien suivantes sont disponibles : Membre passif Particulier &#8211; CHF 50 Membre actif Particulier &#8211; CHF 100 Membre collectif (entreprise, association, CI) &#8211; \u00e0 partir [&hellip;]<\/p>\n","protected":false},"author":13,"featured_media":0,"parent":0,"menu_order":0,"comment_status":"closed","ping_status":"closed","template":"elementor_header_footer","meta":{"_acf_changed":false,"footnotes":""},"class_list":["post-29942","page","type-page","status-publish","hentry"],"acf":[],"_links":{"self":[{"href":"https:\/\/fairemaerkteschweiz.ch\/fr\/wp-json\/wp\/v2\/pages\/29942","targetHints":{"allow":["GET"]}}],"collection":[{"href":"https:\/\/fairemaerkteschweiz.ch\/fr\/wp-json\/wp\/v2\/pages"}],"about":[{"href":"https:\/\/fairemaerkteschweiz.ch\/fr\/wp-json\/wp\/v2\/types\/page"}],"author":[{"embeddable":true,"href":"https:\/\/fairemaerkteschweiz.ch\/fr\/wp-json\/wp\/v2\/users\/13"}],"replies":[{"embeddable":true,"href":"https:\/\/fairemaerkteschweiz.ch\/fr\/wp-json\/wp\/v2\/comments?post=29942"}],"version-history":[{"count":3,"href":"https:\/\/fairemaerkteschweiz.ch\/fr\/wp-json\/wp\/v2\/pages\/29942\/revisions"}],"predecessor-version":[{"id":35526,"href":"https:\/\/fairemaerkteschweiz.ch\/fr\/wp-json\/wp\/v2\/pages\/29942\/revisions\/35526"}],"wp:attachment":[{"href":"https:\/\/fairemaerkteschweiz.ch\/fr\/wp-json\/wp\/v2\/media?parent=29942"}],"curies":[{"name":"wp","href":"https:\/\/api.w.org\/{rel}","templated":true}]}}